{"id":810,"date":"2023-06-05T18:24:06","date_gmt":"2023-06-05T17:24:06","guid":{"rendered":"https:\/\/www.negratin.com\/home-prueba\/"},"modified":"2025-07-21T10:15:41","modified_gmt":"2025-07-21T09:15:41","slug":"home-prueba","status":"publish","type":"page","link":"https:\/\/www.negratin.com\/en\/home-prueba\/","title":{"rendered":"Home-prueba"},"content":{"rendered":"","protected":false},"excerpt":{"rendered":"","protected":false},"author":6,"featured_media":705,"parent":0,"menu_order":0,"comment_status":"closed","ping_status":"closed","template":"pages\/page-home-copia.php","meta":{"_acf_changed":false,"inline_featured_image":false,"footnotes":""},"class_list":["post-810","page","type-page","status-publish","has-post-thumbnail","hentry"],"acf":[],"yoast_head":"<!-- This site is optimized with the Yoast SEO plugin v27.4 - https:\/\/yoast.com\/product\/yoast-seo-wordpress\/ -->\n<title>Negrat\u00edn | Energ\u00eda Renovable y Medio Ambiente<\/title>\n<meta name=\"description\" content=\"Negrat\u00edn es un grupo industrial y de servicios experto en desarrollo de Proyectos del Sector Energ\u00e9tico, Industrial, Infraestructuras,...\" \/>\n<meta name=\"robots\" content=\"index, follow, max-snippet:-1, max-image-preview:large, max-video-preview:-1\" \/>\n<link rel=\"canonical\" href=\"https:\/\/www.negratin.com\/en\/home-prueba\/\" \/>\n<meta property=\"og:locale\" content=\"en_US\" \/>\n<meta property=\"og:type\" content=\"article\" \/>\n<meta property=\"og:title\" content=\"Negrat\u00edn | Energ\u00eda Renovable y Medio Ambiente\" \/>\n<meta property=\"og:description\" content=\"Negrat\u00edn es un grupo industrial y de servicios experto en desarrollo de Proyectos del Sector Energ\u00e9tico, Industrial, Infraestructuras,...\" \/>\n<meta property=\"og:url\" content=\"https:\/\/www.negratin.com\/en\/home-prueba\/\" \/>\n<meta property=\"og:site_name\" content=\"Negratin\" \/>\n<meta property=\"article:modified_time\" content=\"2025-07-21T09:15:41+00:00\" \/>\n<meta name=\"twitter:card\" content=\"summary_large_image\" \/>\n<meta name=\"twitter:label1\" content=\"Est. reading time\" \/>\n\t<meta name=\"twitter:data1\" content=\"1 minute\" \/>\n<script type=\"application\/ld+json\" class=\"yoast-schema-graph\">{\"@context\":\"https:\\\/\\\/schema.org\",\"@graph\":[{\"@type\":\"WebPage\",\"@id\":\"https:\\\/\\\/www.negratin.com\\\/en\\\/home-prueba\\\/\",\"url\":\"https:\\\/\\\/www.negratin.com\\\/en\\\/home-prueba\\\/\",\"name\":\"Negrat\u00edn | Energ\u00eda Renovable y Medio Ambiente\",\"isPartOf\":{\"@id\":\"https:\\\/\\\/www.negratin.com\\\/en\\\/#website\"},\"primaryImageOfPage\":{\"@id\":\"https:\\\/\\\/www.negratin.com\\\/en\\\/home-prueba\\\/#primaryimage\"},\"image\":{\"@id\":\"https:\\\/\\\/www.negratin.com\\\/en\\\/home-prueba\\\/#primaryimage\"},\"thumbnailUrl\":\"https:\\\/\\\/www.negratin.com\\\/wp-content\\\/uploads\\\/2023\\\/04\\\/im-grande-secc2.svg\",\"datePublished\":\"2023-06-05T17:24:06+00:00\",\"dateModified\":\"2025-07-21T09:15:41+00:00\",\"description\":\"Negrat\u00edn es un grupo industrial y de servicios experto en desarrollo de Proyectos del Sector Energ\u00e9tico, Industrial, Infraestructuras,...\",\"breadcrumb\":{\"@id\":\"https:\\\/\\\/www.negratin.com\\\/en\\\/home-prueba\\\/#breadcrumb\"},\"inLanguage\":\"en-US\",\"potentialAction\":[{\"@type\":\"ReadAction\",\"target\":[\"https:\\\/\\\/www.negratin.com\\\/en\\\/home-prueba\\\/\"]}]},{\"@type\":\"ImageObject\",\"inLanguage\":\"en-US\",\"@id\":\"https:\\\/\\\/www.negratin.com\\\/en\\\/home-prueba\\\/#primaryimage\",\"url\":\"https:\\\/\\\/www.negratin.com\\\/wp-content\\\/uploads\\\/2023\\\/04\\\/im-grande-secc2.svg\",\"contentUrl\":\"https:\\\/\\\/www.negratin.com\\\/wp-content\\\/uploads\\\/2023\\\/04\\\/im-grande-secc2.svg\",\"width\":528,\"height\":495},{\"@type\":\"BreadcrumbList\",\"@id\":\"https:\\\/\\\/www.negratin.com\\\/en\\\/home-prueba\\\/#breadcrumb\",\"itemListElement\":[{\"@type\":\"ListItem\",\"position\":1,\"name\":\"Home\",\"item\":\"https:\\\/\\\/www.negratin.com\\\/en\\\/inicio\\\/\"},{\"@type\":\"ListItem\",\"position\":2,\"name\":\"Home-prueba\"}]},{\"@type\":\"WebSite\",\"@id\":\"https:\\\/\\\/www.negratin.com\\\/en\\\/#website\",\"url\":\"https:\\\/\\\/www.negratin.com\\\/en\\\/\",\"name\":\"Negratin\",\"description\":\"Energ\u00eda Renovable y Medio Ambiente\",\"publisher\":{\"@id\":\"https:\\\/\\\/www.negratin.com\\\/en\\\/#organization\"},\"potentialAction\":[{\"@type\":\"SearchAction\",\"target\":{\"@type\":\"EntryPoint\",\"urlTemplate\":\"https:\\\/\\\/www.negratin.com\\\/en\\\/?s={search_term_string}\"},\"query-input\":{\"@type\":\"PropertyValueSpecification\",\"valueRequired\":true,\"valueName\":\"search_term_string\"}}],\"inLanguage\":\"en-US\"},{\"@type\":\"Organization\",\"@id\":\"https:\\\/\\\/www.negratin.com\\\/en\\\/#organization\",\"name\":\"Negratin\",\"url\":\"https:\\\/\\\/www.negratin.com\\\/en\\\/\",\"logo\":{\"@type\":\"ImageObject\",\"inLanguage\":\"en-US\",\"@id\":\"https:\\\/\\\/www.negratin.com\\\/en\\\/#\\\/schema\\\/logo\\\/image\\\/\",\"url\":\"https:\\\/\\\/www.negratin.com\\\/wp-content\\\/uploads\\\/2023\\\/04\\\/logo-negratin.svg\",\"contentUrl\":\"https:\\\/\\\/www.negratin.com\\\/wp-content\\\/uploads\\\/2023\\\/04\\\/logo-negratin.svg\",\"width\":229,\"height\":52,\"caption\":\"Negratin\"},\"image\":{\"@id\":\"https:\\\/\\\/www.negratin.com\\\/en\\\/#\\\/schema\\\/logo\\\/image\\\/\"}}]}<\/script>\n<!-- \/ Yoast SEO plugin. -->","yoast_head_json":{"title":"Negrat\u00edn | Energ\u00eda Renovable y Medio Ambiente","description":"Negrat\u00edn es un grupo industrial y de servicios experto en desarrollo de Proyectos del Sector Energ\u00e9tico, Industrial, Infraestructuras,...","robots":{"index":"index","follow":"follow","max-snippet":"max-snippet:-1","max-image-preview":"max-image-preview:large","max-video-preview":"max-video-preview:-1"},"canonical":"https:\/\/www.negratin.com\/en\/home-prueba\/","og_locale":"en_US","og_type":"article","og_title":"Negrat\u00edn | Energ\u00eda Renovable y Medio Ambiente","og_description":"Negrat\u00edn es un grupo industrial y de servicios experto en desarrollo de Proyectos del Sector Energ\u00e9tico, Industrial, Infraestructuras,...","og_url":"https:\/\/www.negratin.com\/en\/home-prueba\/","og_site_name":"Negratin","article_modified_time":"2025-07-21T09:15:41+00:00","twitter_card":"summary_large_image","twitter_misc":{"Est. reading time":"1 minute"},"schema":{"@context":"https:\/\/schema.org","@graph":[{"@type":"WebPage","@id":"https:\/\/www.negratin.com\/en\/home-prueba\/","url":"https:\/\/www.negratin.com\/en\/home-prueba\/","name":"Negrat\u00edn | Energ\u00eda Renovable y Medio Ambiente","isPartOf":{"@id":"https:\/\/www.negratin.com\/en\/#website"},"primaryImageOfPage":{"@id":"https:\/\/www.negratin.com\/en\/home-prueba\/#primaryimage"},"image":{"@id":"https:\/\/www.negratin.com\/en\/home-prueba\/#primaryimage"},"thumbnailUrl":"https:\/\/www.negratin.com\/wp-content\/uploads\/2023\/04\/im-grande-secc2.svg","datePublished":"2023-06-05T17:24:06+00:00","dateModified":"2025-07-21T09:15:41+00:00","description":"Negrat\u00edn es un grupo industrial y de servicios experto en desarrollo de Proyectos del Sector Energ\u00e9tico, Industrial, Infraestructuras,...","breadcrumb":{"@id":"https:\/\/www.negratin.com\/en\/home-prueba\/#breadcrumb"},"inLanguage":"en-US","potentialAction":[{"@type":"ReadAction","target":["https:\/\/www.negratin.com\/en\/home-prueba\/"]}]},{"@type":"ImageObject","inLanguage":"en-US","@id":"https:\/\/www.negratin.com\/en\/home-prueba\/#primaryimage","url":"https:\/\/www.negratin.com\/wp-content\/uploads\/2023\/04\/im-grande-secc2.svg","contentUrl":"https:\/\/www.negratin.com\/wp-content\/uploads\/2023\/04\/im-grande-secc2.svg","width":528,"height":495},{"@type":"BreadcrumbList","@id":"https:\/\/www.negratin.com\/en\/home-prueba\/#breadcrumb","itemListElement":[{"@type":"ListItem","position":1,"name":"Home","item":"https:\/\/www.negratin.com\/en\/inicio\/"},{"@type":"ListItem","position":2,"name":"Home-prueba"}]},{"@type":"WebSite","@id":"https:\/\/www.negratin.com\/en\/#website","url":"https:\/\/www.negratin.com\/en\/","name":"Negratin","description":"Energ\u00eda Renovable y Medio Ambiente","publisher":{"@id":"https:\/\/www.negratin.com\/en\/#organization"},"potentialAction":[{"@type":"SearchAction","target":{"@type":"EntryPoint","urlTemplate":"https:\/\/www.negratin.com\/en\/?s={search_term_string}"},"query-input":{"@type":"PropertyValueSpecification","valueRequired":true,"valueName":"search_term_string"}}],"inLanguage":"en-US"},{"@type":"Organization","@id":"https:\/\/www.negratin.com\/en\/#organization","name":"Negratin","url":"https:\/\/www.negratin.com\/en\/","logo":{"@type":"ImageObject","inLanguage":"en-US","@id":"https:\/\/www.negratin.com\/en\/#\/schema\/logo\/image\/","url":"https:\/\/www.negratin.com\/wp-content\/uploads\/2023\/04\/logo-negratin.svg","contentUrl":"https:\/\/www.negratin.com\/wp-content\/uploads\/2023\/04\/logo-negratin.svg","width":229,"height":52,"caption":"Negratin"},"image":{"@id":"https:\/\/www.negratin.com\/en\/#\/schema\/logo\/image\/"}}]}},"_links":{"self":[{"href":"https:\/\/www.negratin.com\/en\/wp-json\/wp\/v2\/pages\/810","targetHints":{"allow":["GET"]}}],"collection":[{"href":"https:\/\/www.negratin.com\/en\/wp-json\/wp\/v2\/pages"}],"about":[{"href":"https:\/\/www.negratin.com\/en\/wp-json\/wp\/v2\/types\/page"}],"author":[{"embeddable":true,"href":"https:\/\/www.negratin.com\/en\/wp-json\/wp\/v2\/users\/6"}],"replies":[{"embeddable":true,"href":"https:\/\/www.negratin.com\/en\/wp-json\/wp\/v2\/comments?post=810"}],"version-history":[{"count":39,"href":"https:\/\/www.negratin.com\/en\/wp-json\/wp\/v2\/pages\/810\/revisions"}],"predecessor-version":[{"id":2566,"href":"https:\/\/www.negratin.com\/en\/wp-json\/wp\/v2\/pages\/810\/revisions\/2566"}],"wp:featuredmedia":[{"embeddable":true,"href":"https:\/\/www.negratin.com\/en\/wp-json\/wp\/v2\/media\/705"}],"wp:attachment":[{"href":"https:\/\/www.negratin.com\/en\/wp-json\/wp\/v2\/media?parent=810"}],"curies":[{"name":"wp","href":"https:\/\/api.w.org\/{rel}","templated":true}]}}